{"id":24,"date":"2024-03-22T17:31:37","date_gmt":"2024-03-22T17:31:37","guid":{"rendered":"https:\/\/pd-graphik.de\/?page_id=24"},"modified":"2025-10-27T08:05:34","modified_gmt":"2025-10-27T08:05:34","slug":"datenschutz","status":"publish","type":"page","link":"https:\/\/pd-graphik.de\/en\/datenschutz\/","title":{"rendered":"Data protection"},"content":{"rendered":"<p class=\"wp-block-paragraph\"><\/p>\n\n\n\n<figure class=\"wp-block-image aligncenter size-full\"><img loading=\"lazy\" decoding=\"async\" width=\"160\" height=\"50\" src=\"https:\/\/pd-graphik.de\/wp-content\/uploads\/2024\/03\/AGB-paragraf.jpg\" alt=\"\" class=\"wp-image-40\"\/><\/figure>\n\n\n\n<p class=\"wp-block-paragraph\"><\/p>\n\n\n\n<p class=\"wp-block-paragraph\"><\/p>\n\n\n\n<h3 class=\"wp-block-heading has-text-align-center has-luminous-vivid-orange-color has-text-color has-link-color has-system-sans-serif-font-family has-xx-large-font-size wp-elements-3d72c8e7e6fa20af04b510666559b740\"><strong>Data protection<\/strong><\/h3>\n\n\n\n<p class=\"wp-block-paragraph\"><\/p>\n\n\n\n<p class=\"has-contrast-2-color has-text-color has-link-color wp-elements-7a15ac1da5ce89d45617c3537eabe089 wp-block-paragraph\"><strong>Privacy Policy<\/strong><\/p>\n\n\n\n<p class=\"has-contrast-2-color has-text-color has-link-color wp-elements-feb873e41ad279c172c230588eff9fc1 wp-block-paragraph\">This website uses cookies. By using this site, you agree to this.<\/p>\n\n\n\n<p class=\"has-contrast-2-color has-text-color has-link-color wp-elements-0d527b9d6e92ccc63160ab0e27afcc59 wp-block-paragraph\">The following privacy policy informs about the processing of personal data of the Internet presentation of: www.pd-graphik.de<\/p>\n\n\n\n<p class=\"has-contrast-2-color has-text-color has-link-color wp-elements-6376c6a83e1aa1eb9dd2bc76649da09f wp-block-paragraph\">The responsible body for data processing on this website is:<br><\/p>\n\n\n\n<p class=\"has-contrast-2-color has-text-color has-link-color wp-elements-4296e70098dd589fb580c6db4134dda9 wp-block-paragraph\">Pd-Graphik<br>ArturPiestricow<br>Geislinger Str. 32<br>D-70327 Stuttgart<\/p>\n\n\n\n<p class=\"has-contrast-2-color has-text-color has-link-color wp-elements-847116065307e97fd0771ce6a742e76e wp-block-paragraph\">eMail: pd-graphik.de (et) gmx.de<\/p>\n\n\n\n<p class=\"has-contrast-2-color has-text-color has-link-color wp-elements-4495df12f57c4d7acbe0962fc93893d0 wp-block-paragraph\">The responsible body decides alone or jointly with others on the purposes and means of processing personal data (e.g. names, contact details, etc.).<\/p>\n\n\n\n<p class=\"has-contrast-2-color has-text-color has-link-color wp-elements-5d8b42a95033c454c2461c97424ead5c wp-block-paragraph\"><strong>Revocation of your consent to data processing<\/strong><\/p>\n\n\n\n<p class=\"has-contrast-2-color has-text-color has-link-color wp-elements-8cd92670420ce1532070e309feff2113 wp-block-paragraph\">Some data processing operations are only possible with your express consent. You can revoke your previously granted consent at any time. An informal email notification is sufficient for revocation. The legality of the data processing carried out up to the time of revocation remains unaffected by the revocation.<\/p>\n\n\n\n<p class=\"has-contrast-2-color has-text-color has-link-color wp-elements-e1724c9f701cf56688397b6da7c908d2 wp-block-paragraph\"><strong>Right to lodge a complaint with the competent supervisory authority<\/strong><\/p>\n\n\n\n<p class=\"has-contrast-2-color has-text-color has-link-color wp-elements-55a9266ec24a8db3510ba1fc5e195c7e wp-block-paragraph\">As a data subject, you have the right to lodge a complaint with the responsible supervisory authority in the event of a data protection violation. The responsible supervisory authority for data protection issues is the state data protection officer of the federal state in which our company is headquartered. The following link provides a list of data protection officers and their contact details: https:\/\/www.bfdi.bund.de\/DE\/Infothek\/Anschriften_Links\/anschriften_links-node.html.&nbsp;<\/p>\n\n\n\n<p class=\"has-contrast-2-color has-text-color has-link-color wp-elements-417974f20e5f1d7aef56545be10d2965 wp-block-paragraph\"><strong>Right to data portability<\/strong><\/p>\n\n\n\n<p class=\"has-contrast-2-color has-text-color has-link-color wp-elements-5574cff5383c138d98e0dd1be7f013e3 wp-block-paragraph\">You have the right to have data that we process automatically based on your consent or in fulfillment of a contract handed over to you or to third parties. This will be provided in a machine-readable format. If you request that the data be transferred directly to another controller, this will only be done if technically feasible.&nbsp;<\/p>\n\n\n\n<p class=\"has-contrast-2-color has-text-color has-link-color wp-elements-95fb5c7e26acb3b3ecc67b1beef33638 wp-block-paragraph\"><strong>Right to information, correction, blocking, deletion<\/strong><\/p>\n\n\n\n<p class=\"has-contrast-2-color has-text-color has-link-color wp-elements-eccb9800c3f5b992957ad88fe08678fe wp-block-paragraph\">Within the scope of applicable law, you have the right at any time to obtain free information about your stored personal data, its origin, its recipients, and the purpose of data processing, as well as the right to correct, block, or delete this data. You can contact us at any time regarding this and other questions regarding personal data using the contact details listed in the legal notice.<\/p>\n\n\n\n<p class=\"has-contrast-2-color has-text-color has-link-color wp-elements-c17f111e724d83a79cf41c01b347f3cc wp-block-paragraph\"><strong>SSL or TLS encryption<\/strong><\/p>\n\n\n\n<p class=\"has-contrast-2-color has-text-color has-link-color wp-elements-e7c2da05a6a82cfcddf523d734c1fa88 wp-block-paragraph\">For security reasons and to protect the transmission of confidential content that you send to us as the website operator, our website uses SSL or TLS encryption. This ensures that any data you transmit via this website cannot be read by third parties. You can recognize an encrypted connection by the \"https:\/\/\" address bar in your browser and the lock symbol in the browser bar.&nbsp;<\/p>\n\n\n\n<p class=\"has-contrast-2-color has-text-color has-link-color wp-elements-40022e87ec63dfde1889d811888cc5ad wp-block-paragraph\"><strong>Data transmission when concluding a contract for the purchase and dispatch of goods<\/strong><\/p>\n\n\n\n<p class=\"has-contrast-2-color has-text-color has-link-color wp-elements-fcfa46bf969a573aa79359849cdb1b3d wp-block-paragraph\">Personal data will only be transferred to third parties if necessary for contract processing. Third parties may include, for example, payment service providers or logistics companies. Further transfer of data will not occur, unless you have expressly consented to it.<br>The basis for data processing is Art. 6 (1) (b) GDPR, which permits the processing of data to fulfill a contract or for pre-contractual measures.&nbsp;<\/p>\n\n\n\n<p class=\"has-contrast-2-color has-text-color has-link-color wp-elements-40c367d1f358c64d222d3c70e6da1c89 wp-block-paragraph\"><strong>Registration on this website<\/strong><\/p>\n\n\n\n<p class=\"has-contrast-2-color has-text-color has-link-color wp-elements-350b1eef4b2291e99e56dc6ba1d1b3ba wp-block-paragraph\">To use certain features, you can register on our website. The data you submit will be used exclusively for the purpose of using the respective offer or service. Mandatory information requested during registration must be provided in full. Otherwise, we will reject your registration.<br>In the event of important changes, for example, due to technical reasons, we will inform you by email. The email will be sent to the address you provided during registration.<br>The data entered during registration is processed based on your consent (Art. 6 (1) (a) GDPR). You can revoke your previously granted consent at any time. An informal email notification is sufficient for revocation. The legality of the data processing already carried out remains unaffected by the revocation.<br>We store the data collected during registration for the duration of your registration on our website. Your data will be deleted if you cancel your registration. Statutory retention periods remain unaffected.&nbsp;<\/p>\n\n\n\n<p class=\"has-contrast-2-color has-text-color has-link-color wp-elements-564d1b26151d11c79549e9c767d6dc2d wp-block-paragraph\"><strong>Google Analytics<\/strong><\/p>\n\n\n\n<p class=\"has-contrast-2-color has-text-color has-link-color wp-elements-62c527f17e10151ffdb958f0a628cb79 wp-block-paragraph\">Our website uses functions of the web analytics service Google Analytics. The provider of this web analytics service is Google Inc., 1600 Amphitheatre Parkway, Mountain View, CA 94043, USA.<br>Google Analytics uses \"cookies.\" These are small text files that your web browser stores on your device and enable analysis of website usage. Information generated by cookies about your use of our website is transmitted to a Google server and stored there. The server location is usually in the USA.<br>Google Analytics cookies are set on the basis of Art. 6 (1) (f) GDPR. As the operator of this website, we have a legitimate interest in analyzing user behavior in order to optimize our website and, where applicable, our advertising.&nbsp;<\/p>\n\n\n\n<p class=\"has-contrast-2-color has-text-color has-link-color wp-elements-57794d798ed729c09e5b744064d19b74 wp-block-paragraph\"><strong>IP anonymization<\/strong><\/p>\n\n\n\n<p class=\"has-contrast-2-color has-text-color has-link-color wp-elements-abd431f9877f50ec77d73d346c492c8a wp-block-paragraph\">We use Google Analytics in conjunction with the IP anonymization function. This ensures that Google shortens your IP address within member states of the European Union or in other contracting states to the Agreement on the European Economic Area before transmitting it to the USA. In exceptional cases, Google transmits the full IP address to a server in the USA and shortens it there. On our behalf, Google will use this information to evaluate your use of the website, to compile reports on website activity and to provide us with other services related to website activity and internet usage. The IP address transmitted by Google Analytics will not be merged with other Google data.<br>Browser Plugin<br>You can prevent cookies from being set by your web browser. However, this may limit some features of our website. You can also prevent Google from collecting data relating to your website usage, including your IP address, and subsequently processing it. This is possible by downloading and installing the browser plug-in available via the following link:&nbsp;<a href=\"https:\/\/tools.google.com\/dlpage\/gaoptout?hl=de\">https:\/\/tools.google.com\/dlpage\/gaoptout?hl=de<\/a>.<\/p>\n\n\n\n<p class=\"has-contrast-2-color has-text-color has-link-color wp-elements-e267b2baae8ba6f1f1e762129efc0a8b wp-block-paragraph\">Objection to data collection<br>You can prevent Google Analytics from collecting your data by clicking on the following link. This will set an opt-out cookie that prevents the collection of your data on future visits to our website: Disable Google Analytics.<br>For details on how Google Analytics handles user data, please see Google\u2019s privacy policy:&nbsp;<a href=\"https:\/\/support.google.com\/analytics\/answer\/6004245?hl=de\">https:\/\/support.google.com\/analytics\/answer\/6004245?hl=de<\/a>.<\/p>\n\n\n\n<p class=\"has-contrast-2-color has-text-color has-link-color wp-elements-2b6bd4e45608b81256ae37d8f97c0a29 wp-block-paragraph\"><strong>Order processing<\/strong><\/p>\n\n\n\n<p class=\"has-contrast-2-color has-text-color has-link-color wp-elements-e58b41cc9bb0f3c58bb7235a849fbdca wp-block-paragraph\">In order to fully comply with the statutory data protection requirements, we have concluded a contract for order processing with Google.<br>Demographic characteristics in Google Analytics<br>Our website uses the \"demographics\" feature of Google Analytics. This allows us to create reports containing information about the age, gender, and interests of site visitors. This data comes from interest-based advertising from Google as well as from visitor data from third parties. It is not possible to assign the data to a specific individual. You can deactivate this feature at any time. You can do this via the ad settings in your Google Account or by generally prohibiting the collection of your data by Google Analytics, as explained in the \"Objection to data collection\" section.&nbsp;<\/p>\n\n\n\n<p class=\"has-contrast-2-color has-text-color has-link-color wp-elements-93bde766f8d0d20e5a112b2b1a9d08e7 wp-block-paragraph\">Stuttgart, oct. 2025<\/p>\n\n\n\n<p class=\"has-contrast-2-color has-text-color has-link-color wp-elements-5d729671b34fb813eff06bd4dc38d6f6 wp-block-paragraph\"><\/p>","protected":false},"excerpt":{"rendered":"<p>Datenschutz Datenschutzerkl\u00e4rung Diese Webseite verwendet Cookies. Durch die Benutzung dieser Seite stimmen Sie dem zu. Nachstehende Datenschutzerkl\u00e4rung informiert \u00fcber die Verarbeitung personenbezogener Daten der Internetpresentation von: www.pd-graphik.de Die verantwortliche Stelle f\u00fcr die Datenverarbeitung auf dieser Website ist: Pd-GraphikArturPiestricowGeislinger Str. 32D-70327 Stuttgart eMail: pd-graphik.de (et) gmx.de Die verantwortliche Stelle entscheidet allein oder gemeinsam mit anderen \u00fcber die Zwecke und Mittel der Verarbeitung von personenbezogenen Daten (z.B. Namen, Kontaktdaten o. \u00c4.). Widerruf Ihrer Einwilligung zur Datenverarbeitung Nur mit Ihrer ausdr\u00fccklichen Einwilligung sind einige Vorg\u00e4nge der Datenverarbeitung m\u00f6glich. Ein Widerruf Ihrer bereits erteilten Einwilligung ist jederzeit m\u00f6glich. F\u00fcr den Widerruf gen\u00fcgt eine formlose Mitteilung [&hellip;]<\/p>\n","protected":false},"author":1,"featured_media":0,"parent":0,"menu_order":8,"comment_status":"closed","ping_status":"closed","template":"","meta":{"_crdt_document":"","footnotes":""},"class_list":["post-24","page","type-page","status-publish","hentry"],"_links":{"self":[{"href":"https:\/\/pd-graphik.de\/en\/wp-json\/wp\/v2\/pages\/24","targetHints":{"allow":["GET"]}}],"collection":[{"href":"https:\/\/pd-graphik.de\/en\/wp-json\/wp\/v2\/pages"}],"about":[{"href":"https:\/\/pd-graphik.de\/en\/wp-json\/wp\/v2\/types\/page"}],"author":[{"embeddable":true,"href":"https:\/\/pd-graphik.de\/en\/wp-json\/wp\/v2\/users\/1"}],"replies":[{"embeddable":true,"href":"https:\/\/pd-graphik.de\/en\/wp-json\/wp\/v2\/comments?post=24"}],"version-history":[{"count":16,"href":"https:\/\/pd-graphik.de\/en\/wp-json\/wp\/v2\/pages\/24\/revisions"}],"predecessor-version":[{"id":488,"href":"https:\/\/pd-graphik.de\/en\/wp-json\/wp\/v2\/pages\/24\/revisions\/488"}],"wp:attachment":[{"href":"https:\/\/pd-graphik.de\/en\/wp-json\/wp\/v2\/media?parent=24"}],"curies":[{"name":"wp","href":"https:\/\/api.w.org\/{rel}","templated":true}]}}