{"id":21,"date":"2024-03-22T17:30:48","date_gmt":"2024-03-22T17:30:48","guid":{"rendered":"https:\/\/pd-graphik.de\/?page_id=21"},"modified":"2025-10-27T08:06:21","modified_gmt":"2025-10-27T08:06:21","slug":"agb","status":"publish","type":"page","link":"https:\/\/pd-graphik.de\/en\/agb\/","title":{"rendered":"AGB"},"content":{"rendered":"<figure class=\"wp-block-image aligncenter size-full\"><img loading=\"lazy\" decoding=\"async\" width=\"160\" height=\"50\" src=\"https:\/\/pd-graphik.de\/wp-content\/uploads\/2024\/03\/AGB-paragraf_SW.jpg\" alt=\"\" class=\"wp-image-32\"\/><\/figure>\n\n\n\n<p class=\"has-text-align-center has-luminous-vivid-orange-color has-text-color has-link-color has-xx-large-font-size wp-elements-1f1f89b634feec5a1a9f6e9c9541643a wp-block-paragraph\"><strong>AGB<\/strong><\/p>\n\n\n\n<p class=\"has-contrast-2-color has-text-color has-link-color has-medium-font-size wp-elements-bbf665efe1a83cc794d1d394c444dbc3 wp-block-paragraph\"><strong>1      Copyright and rights of use&nbsp;<\/strong><\/p>\n\n\n\n<p class=\"has-contrast-2-color has-text-color has-link-color wp-elements-82174874b49e391960dd23ff6beeeb76 wp-block-paragraph\">1.1 Every order placed with the designer constitutes a copyright contract aimed at granting rights of use to the designer's work. The provisions of Sections 2 and 31 of the German Copyright Act (UrhG) in conjunction with the German Civil Code (BGB) governing contracts for work and services apply.<\/p>\n\n\n\n<p class=\"has-contrast-2-color has-text-color has-link-color wp-elements-ff721b68d93d105f5d931dea5fdf0567 wp-block-paragraph\">1.2 The Copyright Act applies to the designer's designs and working drawings as personal intellectual creations. The provisions of the Copyright Act apply even if the level of creativity required under Section 2 of the Copyright Act is not achieved.<\/p>\n\n\n\n<p class=\"has-contrast-2-color has-text-color has-link-color wp-elements-8cd42d96fca3a85abab6adb38d83ed8b wp-block-paragraph\">1.3 The designs and working drawings, including the author's designation, may not be altered either in the original or in reproduction. Any imitation\u2014even of parts or details\u2014is prohibited.<\/p>\n\n\n\n<p class=\"has-contrast-2-color has-text-color has-link-color wp-elements-431cffc25ebed7e561d4d757afed6740 wp-block-paragraph\">1.4 The work may only be used for the agreed type of use and for the agreed purpose and to the agreed extent. Any other or further use is permitted only with the consent of the designer and after agreeing on an additional usage fee.<\/p>\n\n\n\n<p class=\"has-contrast-2-color has-text-color has-link-color wp-elements-7113e2131493c6e5712bb0e3d8e00fe9 wp-block-paragraph\">1.5 By paying the royalty, the client acquires the right to exploit (use) the work within the agreed framework. In doing so, the designer generally grants the client the exclusive right of use in accordance with Section 31 (3) of the German Copyright Act (UrhG).<\/p>\n\n\n\n<p class=\"has-contrast-2-color has-text-color has-link-color wp-elements-820326782097e21a417d3922be48c9ca wp-block-paragraph\">1.6 Suggestions from the client or other collaboration shall have no influence on the amount of remuneration. They do not constitute co-authorship unless expressly agreed.<\/p>\n\n\n\n<p class=\"has-contrast-2-color has-text-color has-link-color wp-elements-02fa0087f6d4e8acdeb77300bf03f0ad wp-block-paragraph\"><strong>2      Remuneration<\/strong><\/p>\n\n\n\n<p class=\"has-contrast-2-color has-text-color has-link-color wp-elements-0dcab1bb63bd485457b1db3ff9666efd wp-block-paragraph\">2.1 Drafts and working drawings, together with the granting of rights of use, constitute a single service. Remuneration for this service is comprised of the following partial fees:<\/p>\n\n\n\n<p class=\"has-contrast-2-color has-text-color has-link-color wp-elements-b2c7fcd3e82ea436f950fb2127f03390 wp-block-paragraph\">a) the design fee<\/p>\n\n\n\n<p class=\"has-contrast-2-color has-text-color has-link-color wp-elements-27101b85c1742b6528ddc98f7a9382a5 wp-block-paragraph\">b) the fee for the copyright (usage fee)<\/p>\n\n\n\n<p class=\"has-contrast-2-color has-text-color has-link-color wp-elements-e8b3c69c6c217f8ae9be29b8b5bfebc7 wp-block-paragraph\">c) the working drawing fee.<\/p>\n\n\n\n<p class=\"has-contrast-2-color has-text-color has-link-color wp-elements-b5dd8170faadaf08a2d6f170f51d4731 wp-block-paragraph\">2.2   The remuneration shall be calculated on the basis of the collective wage agreement (VTV) for design services provided by freelance employees in its currently valid version.<\/p>\n\n\n\n<p class=\"has-contrast-2-color has-text-color has-link-color wp-elements-5b4cb2793aa99fa2a6a095248790ce23 wp-block-paragraph\">2.3 If no rights of use are granted and only drafts and\/or working drawings are supplied, no payment for the copyright shall be made.<\/p>\n\n\n\n<p class=\"has-contrast-2-color has-text-color has-link-color wp-elements-9fa74b7f33cd5beaef69cb0a342d8a4b wp-block-paragraph\">2.4 The submission of drafts and all other activities performed by the Designer for the Client are subject to a fee, unless expressly agreed otherwise.&nbsp;&nbsp;&nbsp;&nbsp;<\/p>\n\n\n\n<p class=\"has-contrast-2-color has-text-color has-link-color wp-elements-bba2d0b4faa2562949063ae6aa932505 wp-block-paragraph\"><strong>3      Due date of remuneration<\/strong><\/p>\n\n\n\n<p class=\"has-contrast-2-color has-text-color has-link-color wp-elements-c21e2466a4960c45a6a9e7ae32cb5dca wp-block-paragraph\">3.1 The remuneration is due upon delivery. It is payable without deduction. If the ordered work is accepted in parts, a corresponding partial fee is due upon acceptance of each part.<\/p>\n\n\n\n<p class=\"has-contrast-2-color has-text-color has-link-color wp-elements-8b050cc5eea71360dbba58048771c45d wp-block-paragraph\">3.2 In case of late payment, the Designer may charge default interest at a rate of 4% above the current discount rate of the Deutsche Bundesbank.<\/p>\n\n\n\n<p class=\"has-contrast-2-color has-text-color has-link-color wp-elements-e85ad20439ba1cfda505ff7ad586077f wp-block-paragraph\">3.3   If an order extends over a longer period of time or requires the designer to make significant financial advance payments, appropriate interim payments shall be made, namely 1\/3 of the total remuneration upon award of the order and 1\/3 upon completion of 50% of the work.<\/p>\n\n\n\n<p class=\"has-contrast-2-color has-text-color has-link-color wp-elements-ffc2de04f78c7b008a49509c77cf41ff wp-block-paragraph\">3.4 The remuneration is a net amount, which is payable plus VAT. The reduced VAT rate pursuant to Section 12 (2) No. 7c of the German Value Added Tax Act (UStG) applies to the granting and transfer of copyright usage rights and the services required for their preparation (drafts, working drawings, etc.).<\/p>\n\n\n\n<p class=\"has-contrast-2-color has-text-color has-link-color wp-elements-1f8ee9836369a9fc0ceddb591b57f13f wp-block-paragraph\"><strong>4      Special services, incidental and travel expenses<\/strong><\/p>\n\n\n\n<p class=\"has-contrast-2-color has-text-color has-link-color wp-elements-9f798d196982ee0ebdc394c20a6c866e wp-block-paragraph\">4.1 Special services such as the reworking or modification of working drawings, manuscript study or print monitoring will be charged separately according to the time required in accordance with the VTV.&nbsp;&nbsp;<\/p>\n\n\n\n<p class=\"has-contrast-2-color has-text-color has-link-color wp-elements-4b2b280aed31eb3a842e4d4cd78a8a98 wp-block-paragraph\">4.2 The designer is entitled to order the third-party services necessary for the fulfilment of the order in the name and for the account of the client.<\/p>\n\n\n\n<p class=\"has-contrast-2-color has-text-color has-link-color wp-elements-4a3bafa4f54929cba1076b40ea613605 wp-block-paragraph\">To the extent that contracts for third-party services are concluded in the name and for the account of the designer, the client is obligated to indemnify the designer internally from all liabilities arising from the conclusion of the contract. This includes, in particular, the assumption of costs.<\/p>\n\n\n\n<p class=\"has-contrast-2-color has-text-color has-link-color wp-elements-b269e583107c45868b7d2aa6af096624 wp-block-paragraph\">4.4   Expenses for technical incidental costs, in particular for special materials, production of models, photographs, intermediate shots, reproductions, phototypesetting, printing, etc., shall be reimbursed by the Client.<\/p>\n\n\n\n<p class=\"has-contrast-2-color has-text-color has-link-color wp-elements-e01db5218c80de7eaf0987b74256cbf4 wp-block-paragraph\">4.5 Costs and expenses for travel to be undertaken in connection with the order will only be invoiced if the trip has been agreed upon with the client.<\/p>\n\n\n\n<p class=\"has-contrast-2-color has-text-color has-link-color wp-elements-a74125567a1771a5c5195a62dcba08f8 wp-block-paragraph\"><strong>5      Retention of title<\/strong><\/p>\n\n\n\n<p class=\"has-contrast-2-color has-text-color has-link-color wp-elements-e2b08894bcc4210c980c14f3e28450c4 wp-block-paragraph\">5.1   Only rights of use are granted to designs and working drawings, but not ownership rights.<\/p>\n\n\n\n<p class=\"has-contrast-2-color has-text-color has-link-color wp-elements-1b662c58c1bf831c1bb8123540aaf510 wp-block-paragraph\">5.2   The originals must therefore be returned undamaged within a reasonable period of time, unless expressly agreed otherwise.<\/p>\n\n\n\n<p class=\"has-contrast-2-color has-text-color has-link-color wp-elements-f4896644c20fadc61ea1a0601b0004ea wp-block-paragraph\">5.3   The dispatch and any return of the work shall be at the risk and expense of the Client.<\/p>\n\n\n\n<p class=\"has-contrast-2-color has-text-color has-link-color wp-elements-4376f42877fb9b68b07aa49c976c2b5d wp-block-paragraph\"><strong>6      Correction, production monitoring and sample documents<\/strong><\/p>\n\n\n\n<p class=\"has-contrast-2-color has-text-color has-link-color wp-elements-aeb949ef967c157258d05e344cd4a0b4 wp-block-paragraph\">6.1   Prior to the execution of the reproduction, proof samples must be submitted to the Designer.<\/p>\n\n\n\n<p class=\"has-contrast-2-color has-text-color has-link-color wp-elements-9ab567cc66a807300775b0e43eca8958 wp-block-paragraph\">6.2 Production monitoring by the designer shall only be undertaken by special agreement. When assuming production monitoring, the designer shall be entitled to make the necessary decisions and issue appropriate instructions at his or her own discretion, taking into account the client's ideas and specifications.<\/p>\n\n\n\n<p class=\"has-contrast-2-color has-text-color has-link-color wp-elements-5ea6c39d73367b29eebc68cb8da11d17 wp-block-paragraph\">6.3   Texts are read carefully to the best of our knowledge; clause 7 also applies mutatis mutandis to the texts.<\/p>\n\n\n\n<p class=\"has-contrast-2-color has-text-color has-link-color wp-elements-424e47f97f73d14df92a1e3cb0578a5d wp-block-paragraph\">6.4 The designer will be provided with 10 to 20 flawless, unfolded copies of all reproduced works (a reasonable number for valuable pieces) free of charge. The designer is entitled to use these samples for his own promotional purposes.<\/p>\n\n\n\n<p class=\"has-contrast-2-color has-text-color has-link-color wp-elements-0110b215b4f00babd518126758490786 wp-block-paragraph\"><strong>2      Liability<\/strong><\/p>\n\n\n\n<p class=\"has-contrast-2-color has-text-color has-link-color wp-elements-9c6d1cf4c6d8c8a7e48f9ff4dbbd8df6 wp-block-paragraph\">7.1   By approving drafts, final versions or working drawings, the client assumes responsibility for the accuracy of images and text.<\/p>\n\n\n\n<p class=\"has-contrast-2-color has-text-color has-link-color wp-elements-6f93991fcf34d98136244cdca5e7f6ac wp-block-paragraph\">7.2 The designer shall not be liable for any drafts, final versions or working drawings approved by the client.&nbsp;<\/p>\n\n\n\n<p class=\"has-contrast-2-color has-text-color has-link-color wp-elements-fa2e1d840f9c44aa8d3ced534afa5e35 wp-block-paragraph\">7.3 The designer shall not be liable for the admissibility and registrability of the designs under competition or trademark law.<\/p>\n\n\n\n<p class=\"has-contrast-2-color has-text-color has-link-color wp-elements-dd0ed736c5653c3f35d57434216ce81d wp-block-paragraph\">7.4 To the extent the Designer commissions necessary third-party services, the respective contractors\/contractual partners are not vicarious agents of the Designer. Liability for the services and work results of such contractors\/contractual partners is excluded, unless otherwise provided by law.<\/p>\n\n\n\n<p class=\"has-contrast-2-color has-text-color has-link-color wp-elements-09337851e1612ff308dff94ae208873e wp-block-paragraph\">7.5 The designer shall only be liable in the event of his own delay or impossibility of performance for which he is responsible.&nbsp;<\/p>\n\n\n\n<p class=\"has-contrast-2-color has-text-color has-link-color wp-elements-fffa12bc2b1abae02b7856086c7d64fd wp-block-paragraph\"><strong>8      Design freedom and templates<\/strong><\/p>\n\n\n\n<p class=\"has-contrast-2-color has-text-color has-link-color wp-elements-1d526441c44cfe102ad6977348846078 wp-block-paragraph\">8.1   There is freedom of design within the scope of the contract accepted.<\/p>\n\n\n\n<p class=\"has-contrast-2-color has-text-color has-link-color wp-elements-698cfec768005f5e3b5763f4f95e294e wp-block-paragraph\">8.2 The templates provided by the client (e.g. photos, texts, models, samples, etc.) will be used by the designer on the condition that the client is authorized to use them.<\/p>\n\n\n\n<p class=\"has-contrast-2-color has-text-color has-link-color wp-elements-09b1c7308bbba4cf6b291cc4d6e5f81f wp-block-paragraph\"><strong>9        Effectiveness of the provisions<\/strong><\/p>\n\n\n\n<p class=\"has-contrast-2-color has-text-color has-link-color wp-elements-f2faa30bcc2ea3925fe251b36aa6e740 wp-block-paragraph\">9.1 Should one or more of the above provisions be invalid, the validity of the remaining provisions shall not be affected.<\/p>\n\n\n\n<p class=\"has-contrast-2-color has-text-color has-link-color wp-elements-2040612bb990e0086959861d8c446be5 wp-block-paragraph\"><strong>10      Place of performance\/jurisdiction<\/strong><br>The place of performance and jurisdiction is Stuttgart. The exclusive place of jurisdiction for all disputes arising from this contract is the registered office of the user: Stuttgart. The same applies if the customer does not have a general place of jurisdiction in the Federal Republic of Germany or if the customer's place of residence or habitual abode is unknown at the time the action is filed.<br>The laws of the Federal Republic of Germany apply. The provisions of the UN Convention on Contracts for the International Sale of Goods (CISG) do not apply, with the exception of international copyright laws.<\/p>\n\n\n\n<p class=\"has-contrast-2-color has-text-color has-link-color wp-elements-e28cccab90f33d392eabb799faa2dcf4 wp-block-paragraph\"><strong>11       Severability Clause<\/strong><br>Should individual provisions of the contract and the General Terms and Conditions be or become invalid in whole or in part, this shall not affect the validity of the remaining provisions. The invalid provision shall be replaced by a provision whose economic effect comes as close as possible to that of the invalid provision. In the event of a gap in the provision, the parties shall agree on a provision that enforces the parties' intentions as evident from the entire content of the contract.<\/p>\n\n\n\n<p class=\"has-contrast-2-color has-text-color has-link-color wp-elements-90c1a1a0e57c7f64659081d1412b9d72 wp-block-paragraph\">Stuttgart, may 2025<\/p>\n\n\n\n<p class=\"has-contrast-2-color has-text-color has-link-color wp-elements-5d729671b34fb813eff06bd4dc38d6f6 wp-block-paragraph\"><\/p>","protected":false},"excerpt":{"rendered":"<p>AGB 1 &nbsp;&nbsp;&nbsp;&nbsp; Urheberrecht und Nutzungsrechte&nbsp; 1.1&nbsp;&nbsp;&nbsp;Jeder dem Designer erteilte Auftrag ist ein Urheberwerkvertrag, der auf die Einr\u00e4umung von Nutzungsrechten an seinen Werkleistungen gerichtet ist. Es gelten die Bestimmungen der &amp;&amp; 2 und 31 UrhG in Verbindung mit der Werkvertragsbestimmungen des BGB. 1.2&nbsp;&nbsp;&nbsp;F\u00fcr die Entw\u00fcrfe und Werkzeichnungen des Designers als pers\u00f6nliche geistige Sch\u00f6pfung gilt das Urheberrechtsgesetz. Die Bestimmungen des Urheberrechtsgesetzes gelten auch dann, wenn die nach &amp; 2 UrhG erforderliche Sch\u00f6pfungsh\u00f6he nicht erreicht ist. 1.3&nbsp;&nbsp;&nbsp;Die Entw\u00fcrfe und Werkzeichnungen d\u00fcrfen einschlie\u00dflich der Urheberbezeichnung weder im Original noch bei der Reproduktion ver\u00e4ndert werden. Jede Nachahmung &#8211; auch von Teilen oder Details &#8211; ist [&hellip;]<\/p>\n","protected":false},"author":1,"featured_media":0,"parent":0,"menu_order":9,"comment_status":"closed","ping_status":"closed","template":"","meta":{"_crdt_document":"","footnotes":""},"class_list":["post-21","page","type-page","status-publish","hentry"],"_links":{"self":[{"href":"https:\/\/pd-graphik.de\/en\/wp-json\/wp\/v2\/pages\/21","targetHints":{"allow":["GET"]}}],"collection":[{"href":"https:\/\/pd-graphik.de\/en\/wp-json\/wp\/v2\/pages"}],"about":[{"href":"https:\/\/pd-graphik.de\/en\/wp-json\/wp\/v2\/types\/page"}],"author":[{"embeddable":true,"href":"https:\/\/pd-graphik.de\/en\/wp-json\/wp\/v2\/users\/1"}],"replies":[{"embeddable":true,"href":"https:\/\/pd-graphik.de\/en\/wp-json\/wp\/v2\/comments?post=21"}],"version-history":[{"count":10,"href":"https:\/\/pd-graphik.de\/en\/wp-json\/wp\/v2\/pages\/21\/revisions"}],"predecessor-version":[{"id":489,"href":"https:\/\/pd-graphik.de\/en\/wp-json\/wp\/v2\/pages\/21\/revisions\/489"}],"wp:attachment":[{"href":"https:\/\/pd-graphik.de\/en\/wp-json\/wp\/v2\/media?parent=21"}],"curies":[{"name":"wp","href":"https:\/\/api.w.org\/{rel}","templated":true}]}}