{"id":180,"date":"2024-03-23T13:51:28","date_gmt":"2024-03-23T13:51:28","guid":{"rendered":"https:\/\/pd-graphik.de\/?page_id=180"},"modified":"2025-10-27T08:09:39","modified_gmt":"2025-10-27T08:09:39","slug":"leistungen","status":"publish","type":"page","link":"https:\/\/pd-graphik.de\/en\/leistungen\/","title":{"rendered":"Services"},"content":{"rendered":"<p class=\"has-text-align-center has-luminous-vivid-orange-color has-text-color has-link-color has-xx-large-font-size wp-elements-39e3def824bab23c435beba4944bd7ad wp-block-paragraph\"><strong>Services<\/strong><\/p>\n\n\n\n<p class=\"has-contrast-2-color has-text-color has-link-color has-large-font-size wp-elements-a283f078f982d3443caeba742bfd5352 wp-block-paragraph\"><strong>Conception<\/strong><\/p>\n\n\n\n<p class=\"has-contrast-2-color has-text-color has-link-color wp-elements-5e71547b28c31c3d13f2e234cbe37381 wp-block-paragraph\">We can develop the design concept for your advertising campaign on your behalf. Our cross-media overview and cross-media expertise allow us to offer our clients a broad spectrum of visual communication.<\/p>\n\n\n\n<div class=\"wp-block-columns alignwide is-layout-flex wp-container-core-columns-is-layout-49329d62 wp-block-columns-is-layout-flex\">\n<div class=\"wp-block-column is-layout-flow wp-block-column-is-layout-flow\">\n<div class=\"wp-block-columns is-layout-flex wp-container-core-columns-is-layout-49329d62 wp-block-columns-is-layout-flex\">\n<div class=\"wp-block-column is-layout-flow wp-block-column-is-layout-flow\">\n<figure class=\"wp-block-image size-large\"><img loading=\"lazy\" decoding=\"async\" width=\"1024\" height=\"517\" src=\"https:\/\/pd-graphik.de\/wp-content\/uploads\/2024\/03\/Kaelberer-Flyer-DINLang-S1-1024x517.jpg\" alt=\"\" class=\"wp-image-238\" srcset=\"https:\/\/pd-graphik.de\/wp-content\/uploads\/2024\/03\/Kaelberer-Flyer-DINLang-S1-1024x517.jpg 1024w, https:\/\/pd-graphik.de\/wp-content\/uploads\/2024\/03\/Kaelberer-Flyer-DINLang-S1-300x151.jpg 300w, https:\/\/pd-graphik.de\/wp-content\/uploads\/2024\/03\/Kaelberer-Flyer-DINLang-S1-768x388.jpg 768w, https:\/\/pd-graphik.de\/wp-content\/uploads\/2024\/03\/Kaelberer-Flyer-DINLang-S1-1536x775.jpg 1536w, https:\/\/pd-graphik.de\/wp-content\/uploads\/2024\/03\/Kaelberer-Flyer-DINLang-S1-2048x1034.jpg 2048w\" sizes=\"auto, (max-width: 1024px) 100vw, 1024px\" \/><\/figure>\n<\/div>\n\n\n\n<div class=\"wp-block-column is-layout-flow wp-block-column-is-layout-flow\">\n<figure class=\"wp-block-image aligncenter size-large is-resized\"><img loading=\"lazy\" decoding=\"async\" width=\"1024\" height=\"988\" src=\"https:\/\/pd-graphik.de\/wp-content\/uploads\/2024\/03\/kealberer_Huelle-layout2-1024x988.jpg\" alt=\"\" class=\"wp-image-237\" style=\"width:269px;height:auto\" srcset=\"https:\/\/pd-graphik.de\/wp-content\/uploads\/2024\/03\/kealberer_Huelle-layout2-1024x988.jpg 1024w, https:\/\/pd-graphik.de\/wp-content\/uploads\/2024\/03\/kealberer_Huelle-layout2-300x289.jpg 300w, https:\/\/pd-graphik.de\/wp-content\/uploads\/2024\/03\/kealberer_Huelle-layout2-768x741.jpg 768w, https:\/\/pd-graphik.de\/wp-content\/uploads\/2024\/03\/kealberer_Huelle-layout2-1536x1481.jpg 1536w, https:\/\/pd-graphik.de\/wp-content\/uploads\/2024\/03\/kealberer_Huelle-layout2.jpg 1601w\" sizes=\"auto, (max-width: 1024px) 100vw, 1024px\" \/><\/figure>\n<\/div>\n\n\n\n<div class=\"wp-block-column is-layout-flow wp-block-column-is-layout-flow\">\n<figure class=\"wp-block-image size-large\"><img loading=\"lazy\" decoding=\"async\" width=\"1024\" height=\"512\" src=\"https:\/\/pd-graphik.de\/wp-content\/uploads\/2024\/03\/Kaelberer-Flyer-DINLang-S2-1024x512.jpg\" alt=\"\" class=\"wp-image-239\" srcset=\"https:\/\/pd-graphik.de\/wp-content\/uploads\/2024\/03\/Kaelberer-Flyer-DINLang-S2-1024x512.jpg 1024w, https:\/\/pd-graphik.de\/wp-content\/uploads\/2024\/03\/Kaelberer-Flyer-DINLang-S2-300x150.jpg 300w, https:\/\/pd-graphik.de\/wp-content\/uploads\/2024\/03\/Kaelberer-Flyer-DINLang-S2-768x384.jpg 768w, https:\/\/pd-graphik.de\/wp-content\/uploads\/2024\/03\/Kaelberer-Flyer-DINLang-S2-1536x768.jpg 1536w, https:\/\/pd-graphik.de\/wp-content\/uploads\/2024\/03\/Kaelberer-Flyer-DINLang-S2-2048x1024.jpg 2048w\" sizes=\"auto, (max-width: 1024px) 100vw, 1024px\" \/><\/figure>\n<\/div>\n<\/div>\n<\/div>\n<\/div>\n\n\n\n<p class=\"has-contrast-2-color has-text-color has-link-color has-large-font-size wp-elements-263056ed36da4cc1607160e975e6f76d wp-block-paragraph\"><strong>Print production<\/strong><\/p>\n\n\n\n<figure class=\"wp-block-image aligncenter size-full is-resized\"><img loading=\"lazy\" decoding=\"async\" width=\"653\" height=\"253\" src=\"https:\/\/pd-graphik.de\/wp-content\/uploads\/2024\/03\/seite15_famhom1_jpg.jpg\" alt=\"\" class=\"wp-image-185\" style=\"width:956px;height:auto\" srcset=\"https:\/\/pd-graphik.de\/wp-content\/uploads\/2024\/03\/seite15_famhom1_jpg.jpg 653w, https:\/\/pd-graphik.de\/wp-content\/uploads\/2024\/03\/seite15_famhom1_jpg-300x116.jpg 300w\" sizes=\"auto, (max-width: 653px) 100vw, 653px\" \/><\/figure>\n\n\n\n<p class=\"has-contrast-2-color has-text-color has-link-color wp-elements-e881fc53cd371c1146d732eab9d1edea wp-block-paragraph\">The variety of printing processes - flyers, magazines, books, calendars, logos, business and technical graphics, posters and banners, T-shirts, fleet lettering or media creation - requires different approaches that are optimally selected for you.<\/p>\n\n\n\n<figure class=\"wp-block-image alignwide size-full\"><img loading=\"lazy\" decoding=\"async\" width=\"933\" height=\"229\" src=\"https:\/\/pd-graphik.de\/wp-content\/uploads\/2024\/03\/home-pd_werbung1-a.jpg\" alt=\"\" class=\"wp-image-184\" srcset=\"https:\/\/pd-graphik.de\/wp-content\/uploads\/2024\/03\/home-pd_werbung1-a.jpg 933w, https:\/\/pd-graphik.de\/wp-content\/uploads\/2024\/03\/home-pd_werbung1-a-300x74.jpg 300w, https:\/\/pd-graphik.de\/wp-content\/uploads\/2024\/03\/home-pd_werbung1-a-768x189.jpg 768w\" sizes=\"auto, (max-width: 933px) 100vw, 933px\" \/><\/figure>\n\n\n\n<p class=\"wp-block-paragraph\"><\/p>\n\n\n\n<p class=\"wp-block-paragraph\"><\/p>\n\n\n\n<p class=\"has-contrast-2-color has-text-color has-link-color has-large-font-size wp-elements-b836613873d808f773ab778ef5d8d349 wp-block-paragraph\"><strong>classic media<\/strong><\/p>\n\n\n\n<p class=\"has-contrast-2-color has-text-color has-link-color wp-elements-849c7effa9bb3ad8bd29d318d89ea72a wp-block-paragraph\">The classic illustration or drawing for small or large surfaces, wall design and interior design.<\/p>\n\n\n\n<p class=\"wp-block-paragraph\"><\/p>\n\n\n\n<figure class=\"wp-block-image aligncenter size-full is-resized\"><img loading=\"lazy\" decoding=\"async\" width=\"640\" height=\"671\" src=\"https:\/\/pd-graphik.de\/wp-content\/uploads\/2024\/03\/Kallender-Medialie.jpg\" alt=\"\" class=\"wp-image-252\" style=\"width:864px;height:auto\" srcset=\"https:\/\/pd-graphik.de\/wp-content\/uploads\/2024\/03\/Kallender-Medialie.jpg 640w, https:\/\/pd-graphik.de\/wp-content\/uploads\/2024\/03\/Kallender-Medialie-286x300.jpg 286w\" sizes=\"auto, (max-width: 640px) 100vw, 640px\" \/><\/figure>\n\n\n\n<p class=\"wp-block-paragraph\"><\/p>\n\n\n\n<p class=\"wp-block-paragraph\"><\/p>\n\n\n\n<p class=\"has-contrast-2-color has-text-color has-link-color has-large-font-size wp-elements-9ff77c60e5a3d2e1670d16d185a15027 wp-block-paragraph\"><strong>Interaktive Publikationen (UX\/UI)<\/strong><\/p>\n\n\n\n<p class=\"has-contrast-2-color has-text-color has-link-color wp-elements-99792e5e54fbfde0f841211ca9598bf6 wp-block-paragraph\">Design and production of websites, interactive publications (e-books), screens or web banners for events, exhibitions or shows.<\/p>\n\n\n\n<p class=\"wp-block-paragraph\"><\/p>\n\n\n\n<figure class=\"wp-block-image alignwide size-full\"><img loading=\"lazy\" decoding=\"async\" width=\"1645\" height=\"627\" src=\"http:\/\/pd-graphik.de\/wp-content\/uploads\/2024\/03\/datenbank-shot.jpg\" alt=\"\" class=\"wp-image-34\" srcset=\"https:\/\/pd-graphik.de\/wp-content\/uploads\/2024\/03\/datenbank-shot.jpg 1645w, https:\/\/pd-graphik.de\/wp-content\/uploads\/2024\/03\/datenbank-shot-300x114.jpg 300w, https:\/\/pd-graphik.de\/wp-content\/uploads\/2024\/03\/datenbank-shot-1024x390.jpg 1024w, https:\/\/pd-graphik.de\/wp-content\/uploads\/2024\/03\/datenbank-shot-768x293.jpg 768w, https:\/\/pd-graphik.de\/wp-content\/uploads\/2024\/03\/datenbank-shot-1536x585.jpg 1536w\" sizes=\"auto, (max-width: 1645px) 100vw, 1645px\" \/><\/figure>\n\n\n\n<p class=\"has-contrast-2-color has-text-color has-link-color has-large-font-size wp-elements-c2dd06da21c6d1d95c78166fa0fe341b wp-block-paragraph\"><strong>Internet &amp; Multimedia<\/strong><\/p>\n\n\n\n<p class=\"has-contrast-2-color has-text-color has-link-color wp-elements-d2dcc71d59bb50432a6953a73a679306 wp-block-paragraph\">Vector or pixel graphics for multimedia applications, animations, games, LED shows, and similar. Graphic design for online shop content, virtual presentations, or digital shows.<\/p>\n\n\n\n<p class=\"wp-block-paragraph\"><\/p>\n\n\n\n<p class=\"wp-block-paragraph\"><\/p>\n\n\n\n<p class=\"has-contrast-2-color has-text-color has-link-color has-large-font-size wp-elements-4c44fa116c1fb67251bb87d681d3e1a7 wp-block-paragraph\"><strong>TV production<\/strong><\/p>\n\n\n\n<p class=\"has-contrast-2-color has-text-color has-link-color wp-elements-085a2f16b21c66cd1ea65698c428ca21 wp-block-paragraph\">In cooperation with specialist companies from the TV industry, work as an EVS operator is offered in the direction of sports or events as a live broadcast, video or film production, in short the design of a program in live mode.<\/p>\n\n\n\n<figure class=\"wp-block-image alignfull size-large\"><img loading=\"lazy\" decoding=\"async\" width=\"1024\" height=\"768\" src=\"https:\/\/pd-graphik.de\/wp-content\/uploads\/2024\/03\/IMG_3622b-1024x768.jpg\" alt=\"\" class=\"wp-image-181\" srcset=\"https:\/\/pd-graphik.de\/wp-content\/uploads\/2024\/03\/IMG_3622b-1024x768.jpg 1024w, https:\/\/pd-graphik.de\/wp-content\/uploads\/2024\/03\/IMG_3622b-300x225.jpg 300w, https:\/\/pd-graphik.de\/wp-content\/uploads\/2024\/03\/IMG_3622b-768x576.jpg 768w, https:\/\/pd-graphik.de\/wp-content\/uploads\/2024\/03\/IMG_3622b-1536x1152.jpg 1536w, https:\/\/pd-graphik.de\/wp-content\/uploads\/2024\/03\/IMG_3622b-2048x1536.jpg 2048w\" sizes=\"auto, (max-width: 1024px) 100vw, 1024px\" \/><\/figure>\n\n\n\n<p class=\"wp-block-paragraph\"><\/p>\n\n\n\n<p class=\"wp-block-paragraph\"><\/p>\n\n\n\n<p class=\"has-contrast-2-color has-text-color has-link-color has-large-font-size wp-elements-c13bde8a9a25ed5308ed298602cbeae8 wp-block-paragraph\"><strong>Other productions<\/strong><\/p>\n\n\n\n<p class=\"has-contrast-2-color has-text-color has-link-color wp-elements-edf4d11a46d392bfc95e20d20535f1c1 wp-block-paragraph\">Over time, pd-graphik has expanded into virtually all media sectors. We are also happy to handle the selection of your advertising media, the creation of visual communication, and the coordination of subsequent production for advertising, production, trade fairs, events, exhibitions, concerts and cultural events, as well as video and television productions.<\/p>","protected":false},"excerpt":{"rendered":"<p>Leistungen Konzeption In Ihrem Auftrag kann die Gestaltungskonzeption f\u00fcr Ihre Werbema\u00dfnahme erarbeitet werden.&nbsp;Durch crossmedialen \u00dcberblick und das medien\u00fcbergreifende Wissen sich ergibt die M\u00f6glichkeit, dem Kunden ein breites Spektrum der visuellen Kommunikation anzubieten. Printproduktion Die Vielfalt der Druckverfahren Flyer, Zeitschriften, B\u00fccher, Kalender, Logos, Wirtschafts- und Fachgrafiken, Plakate und Banner, T-Shirts, Fuhrparkbeschriftung oder mediale Erstellung bedarf unterschiedlicher Vorgehensweise, die f\u00fcr Sie optimal ausgew\u00e4hlt werden. klassische Medien Die klassische Illustration oder Zeichnung f\u00fcr kleine oder gro\u00dfe Fl\u00e4chen,&nbsp;Wandgestaltung und Raumgestaltung. Interaktive Publikationen (UX\/UI) Gestaltung und Herstellung von Websites, interaktiven Publikationen (E-Books), Screens oder Web-Banner&nbsp;f\u00fcr Events, Ausstellungen oder Shows. Internet und Multimedia Vektor- oder Pixelgrafiken f\u00fcr [&hellip;]<\/p>\n","protected":false},"author":1,"featured_media":0,"parent":0,"menu_order":5,"comment_status":"closed","ping_status":"closed","template":"","meta":{"_crdt_document":"","footnotes":""},"class_list":["post-180","page","type-page","status-publish","hentry"],"_links":{"self":[{"href":"https:\/\/pd-graphik.de\/en\/wp-json\/wp\/v2\/pages\/180","targetHints":{"allow":["GET"]}}],"collection":[{"href":"https:\/\/pd-graphik.de\/en\/wp-json\/wp\/v2\/pages"}],"about":[{"href":"https:\/\/pd-graphik.de\/en\/wp-json\/wp\/v2\/types\/page"}],"author":[{"embeddable":true,"href":"https:\/\/pd-graphik.de\/en\/wp-json\/wp\/v2\/users\/1"}],"replies":[{"embeddable":true,"href":"https:\/\/pd-graphik.de\/en\/wp-json\/wp\/v2\/comments?post=180"}],"version-history":[{"count":23,"href":"https:\/\/pd-graphik.de\/en\/wp-json\/wp\/v2\/pages\/180\/revisions"}],"predecessor-version":[{"id":491,"href":"https:\/\/pd-graphik.de\/en\/wp-json\/wp\/v2\/pages\/180\/revisions\/491"}],"wp:attachment":[{"href":"https:\/\/pd-graphik.de\/en\/wp-json\/wp\/v2\/media?parent=180"}],"curies":[{"name":"wp","href":"https:\/\/api.w.org\/{rel}","templated":true}]}}