{"id":12,"date":"2024-03-22T17:26:47","date_gmt":"2024-03-22T17:26:47","guid":{"rendered":"https:\/\/pd-graphik.de\/?page_id=12"},"modified":"2025-10-27T08:10:27","modified_gmt":"2025-10-27T08:10:27","slug":"pd-graphik","status":"publish","type":"page","link":"https:\/\/pd-graphik.de\/en\/pd-graphik\/","title":{"rendered":"pd-graphik"},"content":{"rendered":"<p class=\"has-text-align-center has-luminous-vivid-orange-color has-text-color has-link-color has-xx-large-font-size wp-elements-b597227e8c311ad9fed6a2bd38ba81be wp-block-paragraph\"><strong>pd-graphik<\/strong><\/p>\n\n\n\n<div class=\"wp-block-columns are-vertically-aligned-center is-layout-flex wp-container-core-columns-is-layout-49329d62 wp-block-columns-is-layout-flex\">\n<div class=\"wp-block-column is-vertically-aligned-center is-layout-flow wp-block-column-is-layout-flow\">\n<figure class=\"wp-block-image aligncenter size-full is-resized\"><img loading=\"lazy\" decoding=\"async\" width=\"150\" height=\"117\" src=\"https:\/\/pd-graphik.de\/wp-content\/uploads\/2024\/03\/000001-klein.jpg\" alt=\"\" class=\"wp-image-80\" style=\"aspect-ratio:1.2821264536304113;width:215px;height:auto\"\/><\/figure>\n<\/div>\n\n\n\n<div class=\"wp-block-column is-vertically-aligned-center is-layout-flow wp-block-column-is-layout-flow\">\n<figure class=\"wp-block-image aligncenter size-full\"><img loading=\"lazy\" decoding=\"async\" width=\"2420\" height=\"655\" src=\"https:\/\/pd-graphik.de\/wp-content\/uploads\/2024\/03\/TRITTSIEGEL-Log1c.jpg\" alt=\"\" class=\"wp-image-165\" srcset=\"https:\/\/pd-graphik.de\/wp-content\/uploads\/2024\/03\/TRITTSIEGEL-Log1c.jpg 2420w, https:\/\/pd-graphik.de\/wp-content\/uploads\/2024\/03\/TRITTSIEGEL-Log1c-300x81.jpg 300w, https:\/\/pd-graphik.de\/wp-content\/uploads\/2024\/03\/TRITTSIEGEL-Log1c-1024x277.jpg 1024w, https:\/\/pd-graphik.de\/wp-content\/uploads\/2024\/03\/TRITTSIEGEL-Log1c-768x208.jpg 768w, https:\/\/pd-graphik.de\/wp-content\/uploads\/2024\/03\/TRITTSIEGEL-Log1c-1536x416.jpg 1536w, https:\/\/pd-graphik.de\/wp-content\/uploads\/2024\/03\/TRITTSIEGEL-Log1c-2048x554.jpg 2048w\" sizes=\"auto, (max-width: 2420px) 100vw, 2420px\" \/><\/figure>\n<\/div>\n\n\n\n<div class=\"wp-block-column is-vertically-aligned-center is-layout-flow wp-block-column-is-layout-flow\">\n<figure class=\"wp-block-image aligncenter size-full is-resized\"><img loading=\"lazy\" decoding=\"async\" width=\"331\" height=\"331\" src=\"https:\/\/pd-graphik.de\/wp-content\/uploads\/2024\/03\/Medaille_Nom_2016_ansicht_3c.jpg\" alt=\"\" class=\"wp-image-39\" style=\"width:135px;height:auto\" srcset=\"https:\/\/pd-graphik.de\/wp-content\/uploads\/2024\/03\/Medaille_Nom_2016_ansicht_3c.jpg 331w, https:\/\/pd-graphik.de\/wp-content\/uploads\/2024\/03\/Medaille_Nom_2016_ansicht_3c-300x300.jpg 300w, https:\/\/pd-graphik.de\/wp-content\/uploads\/2024\/03\/Medaille_Nom_2016_ansicht_3c-150x150.jpg 150w\" sizes=\"auto, (max-width: 331px) 100vw, 331px\" \/><\/figure>\n<\/div>\n<\/div>\n\n\n\n<p class=\"has-contrast-2-color has-text-color has-link-color has-large-font-size wp-elements-3d4df60832a8e3e05a00b0058216c2f6 wp-block-paragraph\"><strong>The whole truth<\/strong><\/p>\n\n\n\n<p class=\"has-contrast-2-color has-text-color has-link-color wp-elements-50bf1b7d11c7647c9ad632f2ab8a81f7 wp-block-paragraph\">Since its founding in 1994 in Stuttgart, the company has always operated according to the principle of \u201cquality over quantity\u201d.<\/p>\n\n\n\n<p class=\"has-contrast-2-color has-text-color has-link-color wp-elements-52cfaec12185aacb83da6c2c819eee3b wp-block-paragraph\">This principle is pursued and applied in the media and advertising sectors, as well as in publishing. It enables clients to achieve highly personalized results and the highest level of satisfaction.<\/p>\n\n\n\n<p class=\"has-contrast-2-color has-text-color has-link-color wp-elements-a1350ecb9272f58f53899296153c12ff wp-block-paragraph\">This philosophy is constantly lived through skill and love for one's own work.<\/p>\n\n\n\n<p class=\"has-contrast-2-color has-text-color has-link-color wp-elements-bef8d863eaf76131786a98e5a877dba2 wp-block-paragraph\">To the satisfaction of our customers, we have proven ourselves to be a reliable and competent partner in the sense of long-term cooperation.<\/p>\n\n\n\n<p class=\"has-contrast-2-color has-text-color has-link-color wp-elements-323f59216e1db75a7075ea1e1464239d wp-block-paragraph\">The results speak for themselves.<\/p>\n\n\n\n<p class=\"has-contrast-2-color has-text-color has-link-color wp-elements-861e530170fd0465ad09d8c8dc0104df wp-block-paragraph\">Over the years, the dynamic design industry has certainly not stood still. We are always curious about the latest developments and share the results with our clients.<\/p>\n\n\n\n<p class=\"wp-block-paragraph\"><\/p>\n\n\n\n<p class=\"wp-block-paragraph\"><\/p>\n\n\n\n<hr class=\"wp-block-separator alignfull has-alpha-channel-opacity\"\/>\n\n\n\n<div class=\"wp-block-columns alignwide is-layout-flex wp-container-core-columns-is-layout-49329d62 wp-block-columns-is-layout-flex\">\n<div class=\"wp-block-column is-layout-flow wp-block-column-is-layout-flow\">\n<figure class=\"wp-block-image aligncenter size-full is-resized\"><img loading=\"lazy\" decoding=\"async\" width=\"351\" height=\"159\" src=\"https:\/\/pd-graphik.de\/wp-content\/uploads\/2024\/03\/acs-grau-web.jpg\" alt=\"\" class=\"wp-image-43\" style=\"width:158px;height:auto\" srcset=\"https:\/\/pd-graphik.de\/wp-content\/uploads\/2024\/03\/acs-grau-web.jpg 351w, https:\/\/pd-graphik.de\/wp-content\/uploads\/2024\/03\/acs-grau-web-300x136.jpg 300w\" sizes=\"auto, (max-width: 351px) 100vw, 351px\" \/><\/figure>\n<\/div>\n\n\n\n<div class=\"wp-block-column is-layout-flow wp-block-column-is-layout-flow\">\n<figure class=\"wp-block-image aligncenter size-full is-resized\"><img loading=\"lazy\" decoding=\"async\" width=\"701\" height=\"449\" src=\"https:\/\/pd-graphik.de\/wp-content\/uploads\/2024\/03\/AKK-TV.jpg\" alt=\"\" class=\"wp-image-282\" style=\"width:108px;height:auto\" srcset=\"https:\/\/pd-graphik.de\/wp-content\/uploads\/2024\/03\/AKK-TV.jpg 701w, https:\/\/pd-graphik.de\/wp-content\/uploads\/2024\/03\/AKK-TV-300x192.jpg 300w\" sizes=\"auto, (max-width: 701px) 100vw, 701px\" \/><\/figure>\n<\/div>\n\n\n\n<div class=\"wp-block-column is-layout-flow wp-block-column-is-layout-flow\">\n<figure class=\"wp-block-image aligncenter size-full is-resized\"><img loading=\"lazy\" decoding=\"async\" width=\"111\" height=\"53\" src=\"https:\/\/pd-graphik.de\/wp-content\/uploads\/2024\/03\/automoto-grau-1.jpg\" alt=\"\" class=\"wp-image-294\" style=\"width:119px;height:auto\"\/><\/figure>\n<\/div>\n<\/div>\n\n\n\n<div class=\"wp-block-columns alignwide is-layout-flex wp-container-core-columns-is-layout-49329d62 wp-block-columns-is-layout-flex\">\n<div class=\"wp-block-column is-layout-flow wp-block-column-is-layout-flow\">\n<figure class=\"wp-block-image aligncenter size-full is-resized\"><img loading=\"lazy\" decoding=\"async\" width=\"210\" height=\"65\" src=\"https:\/\/pd-graphik.de\/wp-content\/uploads\/2024\/03\/erling-grau.jpg\" alt=\"\" class=\"wp-image-45\" style=\"width:171px;height:auto\"\/><\/figure>\n<\/div>\n\n\n\n<div class=\"wp-block-column is-layout-flow wp-block-column-is-layout-flow\">\n<figure class=\"wp-block-image aligncenter size-full is-resized\"><img loading=\"lazy\" decoding=\"async\" width=\"354\" height=\"84\" src=\"https:\/\/pd-graphik.de\/wp-content\/uploads\/2024\/03\/FamilyHome-grau.jpg\" alt=\"\" class=\"wp-image-47\" style=\"width:177px;height:auto\" srcset=\"https:\/\/pd-graphik.de\/wp-content\/uploads\/2024\/03\/FamilyHome-grau.jpg 354w, https:\/\/pd-graphik.de\/wp-content\/uploads\/2024\/03\/FamilyHome-grau-300x71.jpg 300w\" sizes=\"auto, (max-width: 354px) 100vw, 354px\" \/><\/figure>\n<\/div>\n\n\n\n<div class=\"wp-block-column is-layout-flow wp-block-column-is-layout-flow\">\n<figure class=\"wp-block-image aligncenter size-full is-resized\"><img loading=\"lazy\" decoding=\"async\" width=\"269\" height=\"195\" src=\"https:\/\/pd-graphik.de\/wp-content\/uploads\/2024\/03\/kessler-grau-2.jpg\" alt=\"\" class=\"wp-image-269\" style=\"width:97px;height:auto\"\/><\/figure>\n<\/div>\n<\/div>\n\n\n\n<div class=\"wp-block-columns alignwide is-layout-flex wp-container-core-columns-is-layout-49329d62 wp-block-columns-is-layout-flex\">\n<div class=\"wp-block-column is-layout-flow wp-block-column-is-layout-flow\">\n<figure class=\"wp-block-image aligncenter size-full is-resized\"><img loading=\"lazy\" decoding=\"async\" width=\"478\" height=\"114\" src=\"https:\/\/pd-graphik.de\/wp-content\/uploads\/2024\/03\/Matthaes-1.jpg\" alt=\"\" class=\"wp-image-270\" style=\"width:150px;height:auto\" srcset=\"https:\/\/pd-graphik.de\/wp-content\/uploads\/2024\/03\/Matthaes-1.jpg 478w, https:\/\/pd-graphik.de\/wp-content\/uploads\/2024\/03\/Matthaes-1-300x72.jpg 300w\" sizes=\"auto, (max-width: 478px) 100vw, 478px\" \/><\/figure>\n<\/div>\n\n\n\n<div class=\"wp-block-column is-layout-flow wp-block-column-is-layout-flow\">\n<figure class=\"wp-block-image aligncenter size-full is-resized\"><img loading=\"lazy\" decoding=\"async\" width=\"630\" height=\"169\" src=\"https:\/\/pd-graphik.de\/wp-content\/uploads\/2024\/03\/praemed.jpg\" alt=\"\" class=\"wp-image-51\" style=\"width:183px;height:auto\" srcset=\"https:\/\/pd-graphik.de\/wp-content\/uploads\/2024\/03\/praemed.jpg 630w, https:\/\/pd-graphik.de\/wp-content\/uploads\/2024\/03\/praemed-300x80.jpg 300w\" sizes=\"auto, (max-width: 630px) 100vw, 630px\" \/><\/figure>\n<\/div>\n\n\n\n<div class=\"wp-block-column is-layout-flow wp-block-column-is-layout-flow\">\n<figure class=\"wp-block-image aligncenter size-full is-resized\"><img loading=\"lazy\" decoding=\"async\" width=\"188\" height=\"118\" src=\"https:\/\/pd-graphik.de\/wp-content\/uploads\/2024\/03\/NEP-grau.jpg\" alt=\"\" class=\"wp-image-50\" style=\"width:112px;height:auto\"\/><\/figure>\n<\/div>\n<\/div>\n\n\n\n<div class=\"wp-block-columns alignwide is-layout-flex wp-container-core-columns-is-layout-49329d62 wp-block-columns-is-layout-flex\">\n<div class=\"wp-block-column is-layout-flow wp-block-column-is-layout-flow\">\n<figure class=\"wp-block-image aligncenter size-full is-resized\"><img loading=\"lazy\" decoding=\"async\" width=\"181\" height=\"88\" src=\"https:\/\/pd-graphik.de\/wp-content\/uploads\/2024\/03\/sanier-grau.jpg\" alt=\"\" class=\"wp-image-52\" style=\"width:139px;height:auto\"\/><\/figure>\n<\/div>\n\n\n\n<div class=\"wp-block-column is-layout-flow wp-block-column-is-layout-flow\">\n<figure class=\"wp-block-image aligncenter size-full is-resized\"><img loading=\"lazy\" decoding=\"async\" width=\"81\" height=\"72\" src=\"https:\/\/pd-graphik.de\/wp-content\/uploads\/2024\/03\/MDM-Logo-grau.jpg\" alt=\"\" class=\"wp-image-280\" style=\"width:108px;height:auto\"\/><\/figure>\n<\/div>\n\n\n\n<div class=\"wp-block-column is-layout-flow wp-block-column-is-layout-flow\">\n<figure class=\"wp-block-image aligncenter size-full is-resized\"><img loading=\"lazy\" decoding=\"async\" width=\"373\" height=\"89\" src=\"https:\/\/pd-graphik.de\/wp-content\/uploads\/2024\/03\/Schattauer-grau.jpg\" alt=\"\" class=\"wp-image-53\" style=\"width:145px;height:auto\" srcset=\"https:\/\/pd-graphik.de\/wp-content\/uploads\/2024\/03\/Schattauer-grau.jpg 373w, https:\/\/pd-graphik.de\/wp-content\/uploads\/2024\/03\/Schattauer-grau-300x72.jpg 300w\" sizes=\"auto, (max-width: 373px) 100vw, 373px\" \/><\/figure>\n<\/div>\n<\/div>\n\n\n\n<div class=\"wp-block-columns alignwide is-layout-flex wp-container-core-columns-is-layout-49329d62 wp-block-columns-is-layout-flex\">\n<div class=\"wp-block-column is-layout-flow wp-block-column-is-layout-flow\">\n<figure class=\"wp-block-image aligncenter size-full is-resized\"><img loading=\"lazy\" decoding=\"async\" width=\"450\" height=\"137\" src=\"https:\/\/pd-graphik.de\/wp-content\/uploads\/2024\/03\/Stgt-Marketing-grau-1.jpg\" alt=\"\" class=\"wp-image-271\" style=\"width:149px;height:auto\" srcset=\"https:\/\/pd-graphik.de\/wp-content\/uploads\/2024\/03\/Stgt-Marketing-grau-1.jpg 450w, https:\/\/pd-graphik.de\/wp-content\/uploads\/2024\/03\/Stgt-Marketing-grau-1-300x91.jpg 300w\" sizes=\"auto, (max-width: 450px) 100vw, 450px\" \/><\/figure>\n<\/div>\n\n\n\n<div class=\"wp-block-column is-layout-flow wp-block-column-is-layout-flow\">\n<figure class=\"wp-block-image aligncenter size-full is-resized\"><img loading=\"lazy\" decoding=\"async\" width=\"120\" height=\"107\" src=\"https:\/\/pd-graphik.de\/wp-content\/uploads\/2024\/03\/Sportcast-grau.jpg\" alt=\"\" class=\"wp-image-55\" style=\"width:105px;height:auto\"\/><\/figure>\n<\/div>\n\n\n\n<div class=\"wp-block-column is-layout-flow wp-block-column-is-layout-flow\">\n<figure class=\"wp-block-image aligncenter size-full is-resized\"><img loading=\"lazy\" decoding=\"async\" width=\"557\" height=\"245\" src=\"https:\/\/pd-graphik.de\/wp-content\/uploads\/2024\/03\/StKuBu-grau.jpg\" alt=\"\" class=\"wp-image-275\" style=\"width:180px;height:auto\" srcset=\"https:\/\/pd-graphik.de\/wp-content\/uploads\/2024\/03\/StKuBu-grau.jpg 557w, https:\/\/pd-graphik.de\/wp-content\/uploads\/2024\/03\/StKuBu-grau-300x132.jpg 300w\" sizes=\"auto, (max-width: 557px) 100vw, 557px\" \/><\/figure>\n<\/div>\n<\/div>\n\n\n\n<div class=\"wp-block-columns alignwide is-layout-flex wp-container-core-columns-is-layout-49329d62 wp-block-columns-is-layout-flex\">\n<div class=\"wp-block-column is-layout-flow wp-block-column-is-layout-flow\">\n<figure class=\"wp-block-image aligncenter size-full is-resized\"><img loading=\"lazy\" decoding=\"async\" width=\"138\" height=\"37\" src=\"https:\/\/pd-graphik.de\/wp-content\/uploads\/2024\/03\/Thieme-grau.jpg\" alt=\"\" class=\"wp-image-58\" style=\"width:146px;height:auto\"\/><\/figure>\n<\/div>\n\n\n\n<div class=\"wp-block-column is-layout-flow wp-block-column-is-layout-flow\">\n<figure class=\"wp-block-image aligncenter size-full is-resized\"><img loading=\"lazy\" decoding=\"async\" width=\"77\" height=\"176\" src=\"https:\/\/pd-graphik.de\/wp-content\/uploads\/2024\/03\/ulmer-grau.jpg\" alt=\"\" class=\"wp-image-277\" style=\"width:53px;height:auto\"\/><\/figure>\n<\/div>\n\n\n\n<div class=\"wp-block-column is-layout-flow wp-block-column-is-layout-flow\">\n<figure class=\"wp-block-image aligncenter size-full is-resized\"><img loading=\"lazy\" decoding=\"async\" width=\"249\" height=\"139\" src=\"https:\/\/pd-graphik.de\/wp-content\/uploads\/2024\/03\/UTB-grau.jpg\" alt=\"\" class=\"wp-image-60\" style=\"width:124px;height:auto\"\/><\/figure>\n<\/div>\n<\/div>\n\n\n\n<div class=\"wp-block-columns alignwide is-layout-flex wp-container-core-columns-is-layout-49329d62 wp-block-columns-is-layout-flex\">\n<div class=\"wp-block-column is-layout-flow wp-block-column-is-layout-flow\">\n<figure class=\"wp-block-image aligncenter size-full is-resized\"><img loading=\"lazy\" decoding=\"async\" width=\"467\" height=\"250\" src=\"https:\/\/pd-graphik.de\/wp-content\/uploads\/2024\/03\/wimi_logo-grau.jpg\" alt=\"\" class=\"wp-image-61\" style=\"width:174px;height:auto\" srcset=\"https:\/\/pd-graphik.de\/wp-content\/uploads\/2024\/03\/wimi_logo-grau.jpg 467w, https:\/\/pd-graphik.de\/wp-content\/uploads\/2024\/03\/wimi_logo-grau-300x161.jpg 300w\" sizes=\"auto, (max-width: 467px) 100vw, 467px\" \/><\/figure>\n<\/div>\n\n\n\n<div class=\"wp-block-column is-layout-flow wp-block-column-is-layout-flow\">\n<figure class=\"wp-block-image aligncenter size-full is-resized\"><img loading=\"lazy\" decoding=\"async\" width=\"101\" height=\"115\" src=\"https:\/\/pd-graphik.de\/wp-content\/uploads\/2024\/03\/Rumreich.jpg\" alt=\"\" class=\"wp-image-288\" style=\"width:82px;height:auto\"\/><\/figure>\n<\/div>\n\n\n\n<div class=\"wp-block-column is-layout-flow wp-block-column-is-layout-flow\">\n<figure class=\"wp-block-image aligncenter size-full is-resized\"><img loading=\"lazy\" decoding=\"async\" width=\"83\" height=\"52\" src=\"https:\/\/pd-graphik.de\/wp-content\/uploads\/2024\/03\/PCS.jpg\" alt=\"\" class=\"wp-image-291\" style=\"width:134px;height:auto\"\/><\/figure>\n<\/div>\n<\/div>","protected":false},"excerpt":{"rendered":"<p>pd-graphik Die ganze Wahrheit Seit der Gr\u00fcndung im Jahr 1994 in Stuttgart wird bis heute stets nach dem Prinzip \u201eKlasse statt Masse\u201c gehandelt. Dieses Prinzip wird im Bereich der Medien und der Werbung, als auch im Verlagswesen verfolgt und angewendet. Den Kunden erm\u00f6glicht es individuellste Ergebnisse und h\u00f6chste Zufriedenheit. Durch das K\u00f6nnen und die Liebe zu eigenem Werk wird diese Philosophie st\u00e4ndig gelebt. Zur Zufriedenheit der Kunden haben wir uns als zuverl\u00e4ssigen und kompetenten Partner im Sinne einer l\u00e4ngerfristigen Zusammenarbeit bew\u00e4hrt. Die Ergebnisse sprechen f\u00fcr sich selbst. Im Laufe der Jahre blieb die dynamische Design-Branche selbstverst\u00e4ndlich nicht stehen. Neugierig verfolgen wir [&hellip;]<\/p>\n","protected":false},"author":1,"featured_media":0,"parent":0,"menu_order":2,"comment_status":"closed","ping_status":"closed","template":"","meta":{"_crdt_document":"","footnotes":""},"class_list":["post-12","page","type-page","status-publish","hentry"],"_links":{"self":[{"href":"https:\/\/pd-graphik.de\/en\/wp-json\/wp\/v2\/pages\/12","targetHints":{"allow":["GET"]}}],"collection":[{"href":"https:\/\/pd-graphik.de\/en\/wp-json\/wp\/v2\/pages"}],"about":[{"href":"https:\/\/pd-graphik.de\/en\/wp-json\/wp\/v2\/types\/page"}],"author":[{"embeddable":true,"href":"https:\/\/pd-graphik.de\/en\/wp-json\/wp\/v2\/users\/1"}],"replies":[{"embeddable":true,"href":"https:\/\/pd-graphik.de\/en\/wp-json\/wp\/v2\/comments?post=12"}],"version-history":[{"count":31,"href":"https:\/\/pd-graphik.de\/en\/wp-json\/wp\/v2\/pages\/12\/revisions"}],"predecessor-version":[{"id":507,"href":"https:\/\/pd-graphik.de\/en\/wp-json\/wp\/v2\/pages\/12\/revisions\/507"}],"wp:attachment":[{"href":"https:\/\/pd-graphik.de\/en\/wp-json\/wp\/v2\/media?parent=12"}],"curies":[{"name":"wp","href":"https:\/\/api.w.org\/{rel}","templated":true}]}}